{"id":7492,"date":"2024-11-19T10:01:42","date_gmt":"2024-11-19T09:01:42","guid":{"rendered":"https:\/\/seitech.es\/codigo-etico-y-de-conducta\/"},"modified":"2025-11-26T08:32:22","modified_gmt":"2025-11-26T07:32:22","slug":"codigo-etico-y-de-conducta","status":"publish","type":"page","link":"https:\/\/seitech.es\/fr\/codigo-etico-y-de-conducta\/","title":{"rendered":"C\u00f3digo \u00c9tico y de Conducta"},"content":{"rendered":"\t\t<div data-elementor-type=\"wp-page\" data-elementor-id=\"7492\" class=\"elementor elementor-7492 elementor-7454\" data-elementor-post-type=\"page\">\n\t\t\t\t\t\t<section class=\"elementor-section elementor-top-section elementor-element elementor-element-468745f elementor-section-boxed elementor-section-height-default elementor-section-height-default\" data-id=\"468745f\" data-element_type=\"section\" data-e-type=\"section\" data-settings=\"{&quot;jet_parallax_layout_list&quot;:[{&quot;jet_parallax_layout_image&quot;:{&quot;url&quot;:&quot;&quot;,&quot;id&quot;:&quot;&quot;,&quot;size&quot;:&quot;&quot;},&quot;_id&quot;:&quot;cb92b02&quot;,&quot;jet_parallax_layout_image_tablet&quot;:{&quot;url&quot;:&quot;&quot;,&quot;id&quot;:&quot;&quot;,&quot;size&quot;:&quot;&quot;},&quot;jet_parallax_layout_image_mobile&quot;:{&quot;url&quot;:&quot;&quot;,&quot;id&quot;:&quot;&quot;,&quot;size&quot;:&quot;&quot;},&quot;jet_parallax_layout_speed&quot;:{&quot;unit&quot;:&quot;%&quot;,&quot;size&quot;:50,&quot;sizes&quot;:[]},&quot;jet_parallax_layout_type&quot;:&quot;scroll&quot;,&quot;jet_parallax_layout_direction&quot;:null,&quot;jet_parallax_layout_fx_direction&quot;:null,&quot;jet_parallax_layout_z_index&quot;:&quot;&quot;,&quot;jet_parallax_layout_bg_x&quot;:50,&quot;jet_parallax_layout_bg_x_tablet&quot;:&quot;&quot;,&quot;jet_parallax_layout_bg_x_mobile&quot;:&quot;&quot;,&quot;jet_parallax_layout_bg_y&quot;:50,&quot;jet_parallax_layout_bg_y_tablet&quot;:&quot;&quot;,&quot;jet_parallax_layout_bg_y_mobile&quot;:&quot;&quot;,&quot;jet_parallax_layout_bg_size&quot;:&quot;auto&quot;,&quot;jet_parallax_layout_bg_size_tablet&quot;:&quot;&quot;,&quot;jet_parallax_layout_bg_size_mobile&quot;:&quot;&quot;,&quot;jet_parallax_layout_animation_prop&quot;:&quot;transform&quot;,&quot;jet_parallax_layout_on&quot;:[&quot;desktop&quot;,&quot;tablet&quot;]}],&quot;background_background&quot;:&quot;classic&quot;}\">\n\t\t\t\t\t\t\t<div class=\"elementor-background-overlay\"><\/div>\n\t\t\t\t\t\t\t<div class=\"elementor-container elementor-column-gap-default\">\n\t\t\t\t\t<div class=\"elementor-column elementor-col-100 elementor-top-column elementor-element elementor-element-948098b\" data-id=\"948098b\" data-element_type=\"column\" data-e-type=\"column\">\n\t\t\t<div class=\"elementor-widget-wrap elementor-element-populated\">\n\t\t\t\t\t\t<div class=\"elementor-element elementor-element-d7e7fc0 elementor-widget elementor-widget-heading\" data-id=\"d7e7fc0\" data-element_type=\"widget\" data-e-type=\"widget\" data-widget_type=\"heading.default\">\n\t\t\t\t<div class=\"elementor-widget-container\">\n\t\t\t\t\t<h2 class=\"elementor-heading-title elementor-size-default\">C\u00f3digo \u00c9tico y de Conducta<\/h2>\t\t\t\t<\/div>\n\t\t\t\t<\/div>\n\t\t\t\t<div class=\"elementor-element elementor-element-990823b elementor-widget elementor-widget-spacer\" data-id=\"990823b\" data-element_type=\"widget\" data-e-type=\"widget\" data-widget_type=\"spacer.default\">\n\t\t\t\t<div class=\"elementor-widget-container\">\n\t\t\t\t\t\t\t<div class=\"elementor-spacer\">\n\t\t\t<div class=\"elementor-spacer-inner\"><\/div>\n\t\t<\/div>\n\t\t\t\t\t\t<\/div>\n\t\t\t\t<\/div>\n\t\t\t\t\t<\/div>\n\t\t<\/div>\n\t\t\t\t\t<\/div>\n\t\t<\/section>\n\t\t\t\t<section class=\"elementor-section elementor-top-section elementor-element elementor-element-50c2dd78 elementor-section-boxed elementor-section-height-default elementor-section-height-default\" data-id=\"50c2dd78\" data-element_type=\"section\" data-e-type=\"section\" data-settings=\"{&quot;jet_parallax_layout_list&quot;:[{&quot;_id&quot;:&quot;cfd134d&quot;,&quot;jet_parallax_layout_image&quot;:{&quot;url&quot;:&quot;&quot;,&quot;id&quot;:&quot;&quot;,&quot;size&quot;:&quot;&quot;},&quot;jet_parallax_layout_image_tablet&quot;:{&quot;url&quot;:&quot;&quot;,&quot;id&quot;:&quot;&quot;,&quot;size&quot;:&quot;&quot;},&quot;jet_parallax_layout_image_mobile&quot;:{&quot;url&quot;:&quot;&quot;,&quot;id&quot;:&quot;&quot;,&quot;size&quot;:&quot;&quot;},&quot;jet_parallax_layout_speed&quot;:{&quot;unit&quot;:&quot;%&quot;,&quot;size&quot;:50,&quot;sizes&quot;:[]},&quot;jet_parallax_layout_type&quot;:&quot;scroll&quot;,&quot;jet_parallax_layout_direction&quot;:null,&quot;jet_parallax_layout_fx_direction&quot;:null,&quot;jet_parallax_layout_z_index&quot;:&quot;&quot;,&quot;jet_parallax_layout_bg_x&quot;:50,&quot;jet_parallax_layout_bg_x_tablet&quot;:&quot;&quot;,&quot;jet_parallax_layout_bg_x_mobile&quot;:&quot;&quot;,&quot;jet_parallax_layout_bg_y&quot;:50,&quot;jet_parallax_layout_bg_y_tablet&quot;:&quot;&quot;,&quot;jet_parallax_layout_bg_y_mobile&quot;:&quot;&quot;,&quot;jet_parallax_layout_bg_size&quot;:&quot;auto&quot;,&quot;jet_parallax_layout_bg_size_tablet&quot;:&quot;&quot;,&quot;jet_parallax_layout_bg_size_mobile&quot;:&quot;&quot;,&quot;jet_parallax_layout_animation_prop&quot;:&quot;transform&quot;,&quot;jet_parallax_layout_on&quot;:[&quot;desktop&quot;,&quot;tablet&quot;]}]}\">\n\t\t\t\t\t\t<div class=\"elementor-container elementor-column-gap-default\">\n\t\t\t\t\t<div class=\"elementor-column elementor-col-100 elementor-top-column elementor-element elementor-element-3a0550f5\" data-id=\"3a0550f5\" data-element_type=\"column\" data-e-type=\"column\">\n\t\t\t<div class=\"elementor-widget-wrap elementor-element-populated\">\n\t\t\t\t\t\t<div class=\"elementor-element elementor-element-4777809a elementor-widget elementor-widget-text-editor\" data-id=\"4777809a\" data-element_type=\"widget\" data-e-type=\"widget\" data-widget_type=\"text-editor.default\">\n\t\t\t\t<div class=\"elementor-widget-container\">\n\t\t\t\t\t\t\t\t\t<p>SEITECH SOLUTIONS S.L. se rige en su manera de trabajar en unos principios b\u00e1sicos de conducta y en unos valores corporativos, que son la base de actuaci\u00f3n de todos sus empleados. Todos y cada uno de los trabajadores y directivos de la empresa deben respetar el C\u00f3digo \u00c9tico y de Conducta y propiciar su difusi\u00f3n y respeto por parte de sus colaboradores.<\/p><p>Los principios que rigen el C\u00f3digo \u00c9tico y de Conducta de SEITECH son:<\/p><ol><li><strong>Cumplimiento y respecto de la Legislaci\u00f3n vigente<\/strong><\/li><\/ol><p>Todos y cada uno de los empleados deber\u00e1n cumplir con la normativa legal aplicable en cada momento, a la vez que deber\u00e1n adherirse a la normativa interna acordada por la Direcci\u00f3n.<\/p><ol start=\"2\"><li><strong>Respeto por las personas<\/strong><\/li><\/ol><p>El respeto por las personas es un principio fundamental del d\u00eda a d\u00eda de nuestra compa\u00f1\u00eda. Los destinatarios de este c\u00f3digo velar\u00e1n porque se trate de un modo justo, equitativo y respetuoso a cada una de las personas que forman parte de nuestro entorno laboral.<\/p><ol start=\"3\"><li><strong>Seguridad y medioambiente<\/strong><\/li><\/ol><p>Nos esforzamos cada d\u00eda en proporcionar un entorno saludable y seguro en nuestra organizaci\u00f3n, entendemos que favorecer esta situaci\u00f3n genera un ambiente positivo y redunda en bene\u00acficio de todos. Es obligaci\u00f3n de cada uno de los empleados de nuestra compa\u00f1\u00eda, el velar y respetar las normas relativas a la seguridad e higiene en el trabajo y utilizar de manera correcta el uso de equipos e instalaciones a las que tienen acceso.<\/p><ol start=\"4\"><li><strong>Derecho de igualdad<\/strong><\/li><\/ol><p>Garantizamos para todos nuestros empleados un trato igualitario, de respeto, y de no discriminaci\u00f3n por razones de raza, edad, sexo, religi\u00f3n, nacionalidad y cualquier otro tipo de circunstancias amparadas por ley. Todos nuestros proveedores y partners deber\u00e1n cumplir con este principio y velar\u00e1n por su cumplimiento. Perseguimos y denunciamos el acoso en el entorno laboral y animamos a cualquiera de nuestros empleados a denunciar cualquier tipo de situaci\u00f3n susceptible de serlo.<\/p><ol start=\"5\"><li><strong>Protecci\u00f3n de la informaci\u00f3n<\/strong><\/li><\/ol><p>Ning\u00fan empleado est\u00e1 autorizado a desvelar informaci\u00f3n confidencial relativa a nuestra compa\u00f1\u00eda, a otras personas f\u00edsicas o jur\u00eddicas ajenas a la misma. Al mismo tiempo, este tipo de informaci\u00f3n no deber\u00e1 ser divulgada internamente, salvo que sea necesario su uso para el ejercicio habitual de las funciones de cada uno de los puestos de trabajo. En el caso de tener que compartir informaci\u00f3n confidencial con proveedores y\/o clientes, se deber\u00e1 hacer con la m\u00e1xima responsabilidad y siempre bajo autorizaci\u00f3n del mando superior.<\/p><ol start=\"6\"><li><strong>Equipamiento y recursos de la empresa<\/strong><\/li><\/ol><p>Todos los empleados tienen la obligaci\u00f3n de utilizar los recursos que la compa\u00f1\u00eda pone a su disposici\u00f3n, de una manera adecuada, responsable y eficaz, respetando los fines para los cuales son cedidos y exclusivamente para el beneficio de la compa\u00f1\u00eda, quedando totalmente prohibido su uso para cualquier otra actividad no destinada al beneficio de \u00e9sta.<\/p><ol start=\"7\"><li><strong>Conflictos de inter\u00e9s<\/strong><\/li><\/ol><p>Cualquier decisi\u00f3n adoptada por un empleado tiene que estar basada en el beneficio m\u00e1ximo para la compa\u00f1\u00eda, nunca en un beneficio personal. Si existe alg\u00fan conflicto de intereses, \u00e9ste deber\u00e1 ser comunicado a la Direcci\u00f3n que tomar\u00e1 la decisi\u00f3n adecuada bas\u00e1ndose en los valores actuales de la compa\u00f1\u00eda.<\/p><ol start=\"8\"><li><strong>Imagen corporativa<\/strong><\/li><\/ol><p>Los empleados deber\u00e1n ser ejemplo del cumplimiento de los valores establecidos por SEITECH, siendo conscientes de que cualquier actuaci\u00f3n fuera del marco de las pol\u00edticas de la empresa, puede da\u00f1ar la imagen de est\u00e1, frente a clientes y proveedores.<\/p><p>Todos los empleados de SEITECH deber\u00e1n conocer y utilizar estos principios en beneficio del correcto funcionamiento de la Compa\u00f1\u00eda. Si alguno tiene conocimiento del incumplimiento de alguno de estos principios, deber\u00e1 comunicarlo inmediatamente a su mando superior o a la Direcci\u00f3n.<\/p><p>Para velar por el cumplimiento de este C\u00d3DIGO DE CONDUCTA, y de las pol\u00edticas corporativas de SEITECH, se pone a disposici\u00f3n de cualquiera de sus partners, clientes, proveedores y empleados, un\u00a0<strong>canal de denuncias<\/strong>\u00a0accesible en el siguiente link\u00a0<u>https:\/\/seitech-solutions-sl.factorialhr.es\/complaints<\/u><br \/><br \/><strong>Quejas sobre cuestiones \u00e9ticas<\/strong><\/p><p>Las quejas sobre cuestiones \u00e9ticas que infrinjan el C\u00f3digo \u00c9tico y el C\u00f3digo Anticorrupci\u00f3n deben enviarse directamente por correo electr\u00f3nico a:<br \/><a href=\"mailto:compliance.1-apave@ethicattitude.com\" rel=\"noreferrer\">compliance.1-apave@ethicattitude.com<\/a> o por tel\u00e9fono al +33 788 119 006 (tambi\u00e9n para SMS, WhatsApp y Viber).<\/p>\t\t\t\t\t\t\t\t<\/div>\n\t\t\t\t<\/div>\n\t\t\t\t\t<\/div>\n\t\t<\/div>\n\t\t\t\t\t<\/div>\n\t\t<\/section>\n\t\t\t\t<\/div>\n\t\t","protected":false},"excerpt":{"rendered":"<p>C\u00f3digo \u00c9tico y de Conducta SEITECH SOLUTIONS S.L. se rige en su manera de trabajar en unos principios b\u00e1sicos de conducta y en unos valores corporativos, que son la base de actuaci\u00f3n de todos sus empleados. Todos y cada uno de los trabajadores y directivos de la empresa deben respetar el C\u00f3digo \u00c9tico y de [&hellip;]<\/p>\n","protected":false},"author":4,"featured_media":0,"parent":0,"menu_order":0,"comment_status":"closed","ping_status":"closed","template":"elementor_header_footer","meta":{"footnotes":""},"class_list":["post-7492","page","type-page","status-publish","hentry"],"yoast_head":"<!-- This site is optimized with the Yoast SEO plugin v27.4 - https:\/\/yoast.com\/product\/yoast-seo-wordpress\/ -->\n<title>C\u00f3digo \u00c9tico y de Conducta - Seitech<\/title>\n<meta name=\"robots\" content=\"noindex, nofollow\" \/>\n<meta property=\"og:locale\" content=\"fr_FR\" \/>\n<meta property=\"og:type\" content=\"article\" \/>\n<meta property=\"og:title\" content=\"C\u00f3digo \u00c9tico y de Conducta - Seitech\" \/>\n<meta property=\"og:description\" content=\"C\u00f3digo \u00c9tico y de Conducta SEITECH SOLUTIONS S.L. se rige en su manera de trabajar en unos principios b\u00e1sicos de conducta y en unos valores corporativos, que son la base de actuaci\u00f3n de todos sus empleados. Todos y cada uno de los trabajadores y directivos de la empresa deben respetar el C\u00f3digo \u00c9tico y de [&hellip;]\" \/>\n<meta property=\"og:url\" content=\"https:\/\/seitech.es\/fr\/codigo-etico-y-de-conducta\/\" \/>\n<meta property=\"og:site_name\" content=\"Seitech\" \/>\n<meta property=\"article:modified_time\" content=\"2025-11-26T07:32:22+00:00\" \/>\n<meta name=\"twitter:card\" content=\"summary_large_image\" \/>\n<meta name=\"twitter:label1\" content=\"Dur\u00e9e de lecture estim\u00e9e\" \/>\n\t<meta name=\"twitter:data1\" content=\"4 minutes\" \/>\n<script type=\"application\/ld+json\" class=\"yoast-schema-graph\">{\"@context\":\"https:\\\/\\\/schema.org\",\"@graph\":[{\"@type\":\"WebPage\",\"@id\":\"https:\\\/\\\/seitech.es\\\/fr\\\/codigo-etico-y-de-conducta\\\/\",\"url\":\"https:\\\/\\\/seitech.es\\\/fr\\\/codigo-etico-y-de-conducta\\\/\",\"name\":\"C\u00f3digo \u00c9tico y de Conducta - Seitech\",\"isPartOf\":{\"@id\":\"https:\\\/\\\/seitech.es\\\/fr\\\/#website\"},\"datePublished\":\"2024-11-19T09:01:42+00:00\",\"dateModified\":\"2025-11-26T07:32:22+00:00\",\"breadcrumb\":{\"@id\":\"https:\\\/\\\/seitech.es\\\/fr\\\/codigo-etico-y-de-conducta\\\/#breadcrumb\"},\"inLanguage\":\"fr-FR\",\"potentialAction\":[{\"@type\":\"ReadAction\",\"target\":[\"https:\\\/\\\/seitech.es\\\/fr\\\/codigo-etico-y-de-conducta\\\/\"]}]},{\"@type\":\"BreadcrumbList\",\"@id\":\"https:\\\/\\\/seitech.es\\\/fr\\\/codigo-etico-y-de-conducta\\\/#breadcrumb\",\"itemListElement\":[{\"@type\":\"ListItem\",\"position\":1,\"name\":\"Portada\",\"item\":\"https:\\\/\\\/seitech.es\\\/fr\\\/\"},{\"@type\":\"ListItem\",\"position\":2,\"name\":\"C\u00f3digo \u00c9tico y de Conducta\"}]},{\"@type\":\"WebSite\",\"@id\":\"https:\\\/\\\/seitech.es\\\/fr\\\/#website\",\"url\":\"https:\\\/\\\/seitech.es\\\/fr\\\/\",\"name\":\"Seitech\",\"description\":\"Consultor\u00eda estrat\u00e9gica y operaciones\",\"potentialAction\":[{\"@type\":\"SearchAction\",\"target\":{\"@type\":\"EntryPoint\",\"urlTemplate\":\"https:\\\/\\\/seitech.es\\\/fr\\\/?s={search_term_string}\"},\"query-input\":{\"@type\":\"PropertyValueSpecification\",\"valueRequired\":true,\"valueName\":\"search_term_string\"}}],\"inLanguage\":\"fr-FR\"}]}<\/script>\n<!-- \/ Yoast SEO plugin. -->","yoast_head_json":{"title":"C\u00f3digo \u00c9tico y de Conducta - Seitech","robots":{"index":"noindex","follow":"nofollow"},"og_locale":"fr_FR","og_type":"article","og_title":"C\u00f3digo \u00c9tico y de Conducta - Seitech","og_description":"C\u00f3digo \u00c9tico y de Conducta SEITECH SOLUTIONS S.L. se rige en su manera de trabajar en unos principios b\u00e1sicos de conducta y en unos valores corporativos, que son la base de actuaci\u00f3n de todos sus empleados. Todos y cada uno de los trabajadores y directivos de la empresa deben respetar el C\u00f3digo \u00c9tico y de [&hellip;]","og_url":"https:\/\/seitech.es\/fr\/codigo-etico-y-de-conducta\/","og_site_name":"Seitech","article_modified_time":"2025-11-26T07:32:22+00:00","twitter_card":"summary_large_image","twitter_misc":{"Dur\u00e9e de lecture estim\u00e9e":"4 minutes"},"schema":{"@context":"https:\/\/schema.org","@graph":[{"@type":"WebPage","@id":"https:\/\/seitech.es\/fr\/codigo-etico-y-de-conducta\/","url":"https:\/\/seitech.es\/fr\/codigo-etico-y-de-conducta\/","name":"C\u00f3digo \u00c9tico y de Conducta - Seitech","isPartOf":{"@id":"https:\/\/seitech.es\/fr\/#website"},"datePublished":"2024-11-19T09:01:42+00:00","dateModified":"2025-11-26T07:32:22+00:00","breadcrumb":{"@id":"https:\/\/seitech.es\/fr\/codigo-etico-y-de-conducta\/#breadcrumb"},"inLanguage":"fr-FR","potentialAction":[{"@type":"ReadAction","target":["https:\/\/seitech.es\/fr\/codigo-etico-y-de-conducta\/"]}]},{"@type":"BreadcrumbList","@id":"https:\/\/seitech.es\/fr\/codigo-etico-y-de-conducta\/#breadcrumb","itemListElement":[{"@type":"ListItem","position":1,"name":"Portada","item":"https:\/\/seitech.es\/fr\/"},{"@type":"ListItem","position":2,"name":"C\u00f3digo \u00c9tico y de Conducta"}]},{"@type":"WebSite","@id":"https:\/\/seitech.es\/fr\/#website","url":"https:\/\/seitech.es\/fr\/","name":"Seitech","description":"Consultor\u00eda estrat\u00e9gica y operaciones","potentialAction":[{"@type":"SearchAction","target":{"@type":"EntryPoint","urlTemplate":"https:\/\/seitech.es\/fr\/?s={search_term_string}"},"query-input":{"@type":"PropertyValueSpecification","valueRequired":true,"valueName":"search_term_string"}}],"inLanguage":"fr-FR"}]}},"_links":{"self":[{"href":"https:\/\/seitech.es\/fr\/wp-json\/wp\/v2\/pages\/7492","targetHints":{"allow":["GET"]}}],"collection":[{"href":"https:\/\/seitech.es\/fr\/wp-json\/wp\/v2\/pages"}],"about":[{"href":"https:\/\/seitech.es\/fr\/wp-json\/wp\/v2\/types\/page"}],"author":[{"embeddable":true,"href":"https:\/\/seitech.es\/fr\/wp-json\/wp\/v2\/users\/4"}],"replies":[{"embeddable":true,"href":"https:\/\/seitech.es\/fr\/wp-json\/wp\/v2\/comments?post=7492"}],"version-history":[{"count":1,"href":"https:\/\/seitech.es\/fr\/wp-json\/wp\/v2\/pages\/7492\/revisions"}],"predecessor-version":[{"id":7493,"href":"https:\/\/seitech.es\/fr\/wp-json\/wp\/v2\/pages\/7492\/revisions\/7493"}],"wp:attachment":[{"href":"https:\/\/seitech.es\/fr\/wp-json\/wp\/v2\/media?parent=7492"}],"curies":[{"name":"wp","href":"https:\/\/api.w.org\/{rel}","templated":true}]}}